{"id":114,"date":"2021-12-06T14:42:45","date_gmt":"2021-12-06T17:42:45","guid":{"rendered":"https:\/\/centep-se.com.br\/?page_id=114"},"modified":"2021-12-09T14:44:01","modified_gmt":"2021-12-09T17:44:01","slug":"grupo-paraty","status":"publish","type":"page","link":"https:\/\/centep-se.com.br\/?page_id=114","title":{"rendered":"Grupo Paraty"},"content":{"rendered":"\n<p>O Grupo Paraty disp\u00f5e de uma estrutura moderna e equipe capacitada, para que voc\u00ea tenha a melhor experi\u00eancia, investindo em si mesmo, atrav\u00e9s dos nossos cursos e servi\u00e7os, que agregam capacita\u00e7\u00e3o, qualidade, agilidade, efici\u00eancia, desburocratiza\u00e7\u00e3o e pre\u00e7o justo.&nbsp;<strong>Tudo isso para atender melhor voc\u00ea e seu ve\u00edculo.&nbsp;<\/strong><\/p>\n\n\n\n<p>Somos um conjunto de empresas com mais de 34 anos de experi\u00eancia dedicados ao desenvolvimento de presta\u00e7\u00e3o de servi\u00e7os na \u00e1rea de tr\u00e2nsito, educa\u00e7\u00e3o e transporte. Com sede pr\u00f3pria em Aracaju, localizada no Estado de Sergipe,\u00a0<strong>o Grupo Paraty nasceu<\/strong>\u00a0em meados de 1987, e vem expandido mais a cada dia, composto por diversas empresas no setor educa\u00e7\u00e3o e servi\u00e7os. S\u00e3o elas:\u00a0<strong>CENTEP \u2013 Centro T\u00e9cnico Profissionalizante<\/strong>, <strong>Centro de Forma\u00e7\u00f5es de Condutores Paraty<\/strong>\u00a0<strong>(nossa auto escola)<\/strong>,\u00a0<strong>F\u00e1brica de Placas, Emplacadora\/Despachante Paraty, Vistoriauto e Vistoricar \u2013 empresas de vistoria veicular, Placar e Art Placas \u2013 empresas de Placas Mercosul.<\/strong><\/p>\n\n\n\n<p>A partir da experi\u00eancia adquirida em formar condutores e do sonho de seu Diretor Edmilson Mendon\u00e7a,\u00a0o <strong>CENTEP vem conquistando todo o Brasil com a plataforma CFC PARATY EAD,\u00a0<\/strong>ministrando cursos na modalidade \u00e0 dist\u00e2ncia.<\/p>\n\n\n\n<p>Nossa maior miss\u00e3o \u00e9 ensinar,&nbsp;preparar e auxiliar&nbsp;voc\u00ea para a vida, garantindo um futuro seguro e melhor, seja como novos motoristas, profissionais capacitados ou clientes satisfeitos.<\/p>\n","protected":false},"excerpt":{"rendered":"<p>O Grupo Paraty disp\u00f5e de uma estrutura moderna e equipe capacitada, para que voc\u00ea tenha a melhor experi\u00eancia, investindo em si mesmo, atrav\u00e9s dos nossos cursos e servi\u00e7os, que agregam capacita\u00e7\u00e3o, qualidade, agilidade, efici\u00eancia, desburocratiza\u00e7\u00e3o e pre\u00e7o justo.&nbsp;Tudo isso para atender melhor voc\u00ea e seu ve\u00edculo.&nbsp; Somos um conjunto de empresas com mais de 34 [&hellip;]<\/p>\n","protected":false},"author":1,"featured_media":0,"parent":0,"menu_order":0,"comment_status":"closed","ping_status":"closed","template":"template-fullwidth.php","meta":{"footnotes":""},"class_list":["post-114","page","type-page","status-publish","hentry"],"_links":{"self":[{"href":"https:\/\/centep-se.com.br\/index.php?rest_route=\/wp\/v2\/pages\/114","targetHints":{"allow":["GET"]}}],"collection":[{"href":"https:\/\/centep-se.com.br\/index.php?rest_route=\/wp\/v2\/pages"}],"about":[{"href":"https:\/\/centep-se.com.br\/index.php?rest_route=\/wp\/v2\/types\/page"}],"author":[{"embeddable":true,"href":"https:\/\/centep-se.com.br\/index.php?rest_route=\/wp\/v2\/users\/1"}],"replies":[{"embeddable":true,"href":"https:\/\/centep-se.com.br\/index.php?rest_route=%2Fwp%2Fv2%2Fcomments&post=114"}],"version-history":[{"count":7,"href":"https:\/\/centep-se.com.br\/index.php?rest_route=\/wp\/v2\/pages\/114\/revisions"}],"predecessor-version":[{"id":175,"href":"https:\/\/centep-se.com.br\/index.php?rest_route=\/wp\/v2\/pages\/114\/revisions\/175"}],"wp:attachment":[{"href":"https:\/\/centep-se.com.br\/index.php?rest_route=%2Fwp%2Fv2%2Fmedia&parent=114"}],"curies":[{"name":"wp","href":"https:\/\/api.w.org\/{rel}","templated":true}]}}